{"id":290,"date":"2024-09-03T15:15:05","date_gmt":"2024-09-03T12:15:05","guid":{"rendered":"https:\/\/www.toplum.org.tr\/en\/?page_id=290"},"modified":"2025-05-20T23:43:20","modified_gmt":"2025-05-20T20:43:20","slug":"economics-program","status":"publish","type":"page","link":"https:\/\/www.toplum.org.tr\/en\/economics-program\/","title":{"rendered":"Economics Program"},"content":{"rendered":"\t\t<div data-elementor-type=\"wp-page\" data-elementor-id=\"290\" class=\"elementor elementor-290\" data-elementor-post-type=\"page\">\n\t\t\t\t\t\t<section class=\"elementor-section elementor-top-section elementor-element elementor-element-d22f103 elementor-section-boxed elementor-section-height-default elementor-section-height-default\" data-id=\"d22f103\" data-element_type=\"section\" data-e-type=\"section\" data-settings=\"{&quot;background_background&quot;:&quot;classic&quot;}\">\n\t\t\t\t\t\t\t<div class=\"elementor-background-overlay\"><\/div>\n\t\t\t\t\t\t\t<div class=\"elementor-container elementor-column-gap-default\">\n\t\t\t\t\t<div class=\"elementor-column elementor-col-100 elementor-top-column elementor-element elementor-element-b831cba\" data-id=\"b831cba\" data-element_type=\"column\" data-e-type=\"column\">\n\t\t\t<div class=\"elementor-widget-wrap elementor-element-populated\">\n\t\t\t\t\t\t<div class=\"elementor-element elementor-element-5ae5e06 elementor-widget elementor-widget-heading\" data-id=\"5ae5e06\" data-element_type=\"widget\" data-e-type=\"widget\" data-widget_type=\"heading.default\">\n\t\t\t\t<div class=\"elementor-widget-container\">\n\t\t\t\t\t<h2 class=\"elementor-heading-title elementor-size-default\">Economics Program<\/h2>\t\t\t\t<\/div>\n\t\t\t\t<\/div>\n\t\t\t\t\t<\/div>\n\t\t<\/div>\n\t\t\t\t\t<\/div>\n\t\t<\/section>\n\t\t\t\t<section class=\"elementor-section elementor-top-section elementor-element elementor-element-46dfbf6 elementor-section-boxed elementor-section-height-default elementor-section-height-default\" data-id=\"46dfbf6\" data-element_type=\"section\" data-e-type=\"section\">\n\t\t\t\t\t\t<div class=\"elementor-container elementor-column-gap-default\">\n\t\t\t\t\t<div class=\"elementor-column elementor-col-50 elementor-top-column elementor-element elementor-element-fd8ff82\" data-id=\"fd8ff82\" data-element_type=\"column\" data-e-type=\"column\">\n\t\t\t<div class=\"elementor-widget-wrap elementor-element-populated\">\n\t\t\t\t\t\t<div class=\"elementor-element elementor-element-529e05d elementor-widget elementor-widget-text-editor\" data-id=\"529e05d\" data-element_type=\"widget\" data-e-type=\"widget\" data-widget_type=\"text-editor.default\">\n\t\t\t\t<div class=\"elementor-widget-container\">\n\t\t\t\t\t\t\t\t\t<p>The Economics Program aims to comprehensively analyze the structural dynamics of the Turkish economy and the elements that shape these dynamics. The focus of the program studies, which aim to deeply examine the basic factors that guide T\u00fcrkiye&#8217;s economic growth and development process and the challenges encountered in this process, is economic growth and sustainable development strategies. For this purpose, the effectiveness of monetary and fiscal policies, the structural transformation of the labor market, the elimination of inequalities in income distribution, the economic and social effects of climate change and the development processes of the digital economy constitute the priority areas of work.<\/p><p>The main objective of the program is to develop a critical and strategic perspective in order to increase the resilience of the economy against the effects of climate change and economic fluctuations, to protect the economic rights of individuals, and to make the best use of the opportunities offered by the digital economy. In this context, it aims to contribute to the creation of more effective and sustainable economic policies by providing innovative perspectives for policy makers, academics and relevant stakeholders.<\/p><p>The program, which will conduct strategic research in line with the goal of increasing economic development and social welfare that will support the sustainability of the Turkish economy, grounds on producing independent, social and scientifically based ideas to support this target. The program organizes extensive field studies, scientific publications, workshops, panels and conferences in order to put forward policy recommendations. In this context, it aims to provide concrete and applicable solutions by taking into account such economic factors as economic growth, resource allocation, income distribution and environmental sustainability.<\/p>\t\t\t\t\t\t\t\t<\/div>\n\t\t\t\t<\/div>\n\t\t\t\t\t<\/div>\n\t\t<\/div>\n\t\t\t\t<div class=\"elementor-column elementor-col-50 elementor-top-column elementor-element elementor-element-38d69d2\" data-id=\"38d69d2\" data-element_type=\"column\" data-e-type=\"column\">\n\t\t\t<div class=\"elementor-widget-wrap\">\n\t\t\t\t\t\t\t<\/div>\n\t\t<\/div>\n\t\t\t\t\t<\/div>\n\t\t<\/section>\n\t\t\t\t<section class=\"elementor-section elementor-top-section elementor-element elementor-element-e611644 elementor-section-boxed elementor-section-height-default elementor-section-height-default\" data-id=\"e611644\" data-element_type=\"section\" data-e-type=\"section\">\n\t\t\t\t\t\t<div class=\"elementor-container elementor-column-gap-default\">\n\t\t\t\t\t<div class=\"elementor-column elementor-col-100 elementor-top-column elementor-element elementor-element-9b3f11f\" data-id=\"9b3f11f\" data-element_type=\"column\" data-e-type=\"column\">\n\t\t\t<div class=\"elementor-widget-wrap elementor-element-populated\">\n\t\t\t\t\t\t<div class=\"elementor-element elementor-element-4d82cc6 elementor-widget elementor-widget-ucaddon_post_list\" data-id=\"4d82cc6\" data-element_type=\"widget\" data-e-type=\"widget\" data-widget_type=\"ucaddon_post_list.default\">\n\t\t\t\t<div class=\"elementor-widget-container\">\n\t\t\t\t\t\n<!-- start Post List -->\n\t\t<link id='font-awesome-css' href='https:\/\/www.toplum.org.tr\/en\/wp-content\/plugins\/unlimited-elements-for-elementor\/assets_libraries\/font-awesome6\/fontawesome-all.min.css' type='text\/css' rel='stylesheet' >\n\t\t<link id='font-awesome-4-shim-css' href='https:\/\/www.toplum.org.tr\/en\/wp-content\/plugins\/unlimited-elements-for-elementor\/assets_libraries\/font-awesome6\/fontawesome-v4-shims.min.css' type='text\/css' rel='stylesheet' >\n\n<style>\/* widget: Post List *\/\n\n\n\n#uc_post_list_elementor_4d82cc6{\n  display:grid;\n}\n\n#uc_post_list_elementor_4d82cc6 .uc_post_list_image div{\n  background-size:cover;\n  background-position:center;\n}\n\n.uc_post_list .uc_post_list_box{\n\tposition: relative;\n\toverflow: hidden;\n\tdisplay: flex;\n}\n\n#uc_post_list_elementor_4d82cc6 .uc_post_list_image{\n  flex-grow:0;\n  flex-shrink:0;\n  overflow: hidden;\n}\n\n#uc_post_list_elementor_4d82cc6 .uc_post_list_image img{\n  width:100%;\n  height:100%;\n  display:block;\n  transition:0.3s;  \n}\n\n.uc_post_list_title a{\n\tcolor: #333333;\n    display: block;\n}\n\n.uc_post_list_date{\n\tfont-size: 12px;\n}\n\n#uc_post_list_elementor_4d82cc6 .uc_post_list_content{\n  display:flex;\n  flex-direction:column;\n  flex:1;\n}\n\n#uc_post_list_elementor_4d82cc6 .uc_more_btn{\n  text-align:center;\n  text-decoration:none;\n  transition:0.3s;\n  position: relative;\n  z-index: 1;\n}\n\n#uc_post_list_elementor_4d82cc6 .button-on-side{\n  display:flex;\n  align-items:center;\n}\n\n#uc_post_list_elementor_4d82cc6 .ue-grid-item-category{\n  display: flex;\n  align-items: center;\n}\n\n.ue-grid-item-category a{\n  display:inline-block;\n  font-size:10px;\n  text-transform:uppercase;\n  white-space: nowrap;\n}\n\n#uc_post_list_elementor_4d82cc6 .ue-meta-data{  \n  display:flex;\n  flex-wrap: wrap;\n  line-height:1em;\n}\n\n#uc_post_list_elementor_4d82cc6 .ue-grid-item-meta-data{\n      display:inline-flex;\n      align-items:center;\n}\n\n.ue-grid-item-meta-data{\n  font-size:12px;\n}\n\n#uc_post_list_elementor_4d82cc6 .ue-grid-item-meta-data-icon{\n  line-height:1em;\n}\n\n#uc_post_list_elementor_4d82cc6 .ue-grid-item-meta-data-icon svg{\n  width:1em;\n  height:1em;\n} \n\n#uc_post_list_elementor_4d82cc6 .ue-debug-meta{\n  padding:10px;\n  border:1px solid red;\n  position:relative;\n  line-height:1.5em;\n  font-size:11px;\n  width:100%;\n}\n\n.uc-remote-parent .uc_post_list_box{\n\tcursor:pointer;\n}\n\n#uc_post_list_elementor_4d82cc6 .ue-post-link-overlay{\n  display:block;\n  position:absolute;\n  top:0;\n  bottom:0;\n  right:0;\n  left:0;\n}\n\n\n\n\n<\/style>\n\n<div class=\"uc_post_list uc-items-wrapper uc-filterable-grid \" id=\"uc_post_list_elementor_4d82cc6\"  data-ajax='true'  data-filterbehave='mixed'  data-filtergroup='group1'  querydata='{&quot;count_posts&quot;:5,&quot;total_posts&quot;:5,&quot;page&quot;:1,&quot;num_pages&quot;:1}' >    \t\n  <div class=\"uc_post_list_box\" data-category=\"Economics\">\n  \n  \t    <div class=\"uc_post_list_image\">\n      <a href=\"https:\/\/www.toplum.org.tr\/en\/the-future-of-wealth-tax-in-turkiye\/\" target=\"_self\" title=\"The Future of Wealth Tax in T\u00fcrkiye\">\n          \n            <img loading=\"lazy\" decoding=\"async\" src=\"https:\/\/www.toplum.org.tr\/en\/wp-content\/uploads\/2024\/11\/Turkiyede-Servet-Vergisinin-Gelecegi-1024x576.webp\"  src=\"https:\/\/www.toplum.org.tr\/en\/wp-content\/uploads\/2024\/11\/Turkiyede-Servet-Vergisinin-Gelecegi-1024x576.webp\" alt=\"T\u00fcrkiyede Servet Vergisinin Gelece\u011fi\" width=\"1024\" height=\"576\">\n        \t\n        \n      <\/a>\n    <\/div>\n  \t\t\n  \n    <div class=\"uc_post_list_content\">\n      <div class=\"uc_post_list_content_inside\">\n        \n                       \n        <div class=\"uc_post_list_title\"><a target=\"_self\" href=\"https:\/\/www.toplum.org.tr\/en\/the-future-of-wealth-tax-in-turkiye\/\" title=\"The Future of Wealth Tax in T\u00fcrkiye\">The Future of Wealth Tax in T\u00fcrkiye<\/a><\/div>                 \n        <div class=\"ue-meta-data\">\n            <div class=\"ue-grid-item-meta-data\"><span class=\"ue-grid-item-meta-data-icon\"><i class='fas fa-calendar-week'><\/i><\/span>  6 November 2024<\/div>                                   \n                        <div class=\"ue-grid-item-meta-data\"><span class=\"ue-grid-item-meta-data-icon\"><i class='fas fa-pen-fancy'><\/i><\/span>   Dr. Osman K\u00fc\u00e7\u00fck\u015fen<\/div>            \n            \n                        \n                        \n            \n              \n          <\/div>         \n                \n         <div class=\"uc_post_content\">The unprecedented rise in inequality in income and wealth distribution in both T\u00fcrkiye and globally has once again brought the role of the state in correcting income and wealth distribution into focus...<\/div>           \n        \n                 \n      <\/div>\n    <\/div>\n     \n       \n  \n   <\/div>\n<div class=\"uc_post_list_box\" data-category=\"Economics\">\n  \n  \t    <div class=\"uc_post_list_image\">\n      <a href=\"https:\/\/www.toplum.org.tr\/en\/illusions-and-realities-about-our-economic-growth\/\" target=\"_self\" title=\"Illusions and Realities About Our Economic Growth\">\n          \n            <img loading=\"lazy\" decoding=\"async\" src=\"https:\/\/www.toplum.org.tr\/en\/wp-content\/uploads\/2024\/10\/Ekonomik-Buyumemiz-Hakkinda-Yanilsamalar-ve-Gercekler-1024x576.jpg\"  src=\"https:\/\/www.toplum.org.tr\/en\/wp-content\/uploads\/2024\/10\/Ekonomik-Buyumemiz-Hakkinda-Yanilsamalar-ve-Gercekler-1024x576.jpg\" alt=\"Ekonomik-B\u00fcy\u00fcmemiz-Hakk\u0131nda-Yan\u0131lsamalar-ve-Ger\u00e7ekler\" width=\"1024\" height=\"576\">\n        \t\n        \n      <\/a>\n    <\/div>\n  \t\t\n  \n    <div class=\"uc_post_list_content\">\n      <div class=\"uc_post_list_content_inside\">\n        \n                       \n        <div class=\"uc_post_list_title\"><a target=\"_self\" href=\"https:\/\/www.toplum.org.tr\/en\/illusions-and-realities-about-our-economic-growth\/\" title=\"Illusions and Realities About Our Economic Growth\">Illusions and Realities About Our Economic Growth<\/a><\/div>                 \n        <div class=\"ue-meta-data\">\n            <div class=\"ue-grid-item-meta-data\"><span class=\"ue-grid-item-meta-data-icon\"><i class='fas fa-calendar-week'><\/i><\/span>  1 October 2024<\/div>                                   \n                        <div class=\"ue-grid-item-meta-data\"><span class=\"ue-grid-item-meta-data-icon\"><i class='fas fa-pen-fancy'><\/i><\/span>   Ya\u011fmur Uzun\u0131rmak<\/div>            \n            \n                        \n                        \n            \n              \n          <\/div>         \n                \n         <div class=\"uc_post_content\">The economic conditions T\u00fcrkiye has experienced, particularly in the last two years, have led to an increase in negative commentary on economic management.<\/div>           \n        \n                 \n      <\/div>\n    <\/div>\n     \n       \n  \n   <\/div>\n<div class=\"uc_post_list_box\" data-category=\"Economics\">\n  \n  \t    <div class=\"uc_post_list_image\">\n      <a href=\"https:\/\/www.toplum.org.tr\/en\/will-apples-creative-destruction-work-for-us\/\" target=\"_self\" title=\"Will Apple&#039;s Creative Destruction Work for Us?\">\n          \n            <img loading=\"lazy\" decoding=\"async\" src=\"https:\/\/www.toplum.org.tr\/en\/wp-content\/uploads\/2024\/09\/Applein-Yaratici-Yikimi-Bizde-Calisir-mi-1024x576.jpg\"  src=\"https:\/\/www.toplum.org.tr\/en\/wp-content\/uploads\/2024\/09\/Applein-Yaratici-Yikimi-Bizde-Calisir-mi-1024x576.jpg\" alt=\"Apple\u2019\u0131n Yarat\u0131c\u0131 Y\u0131k\u0131m\u0131 Bizde \u00c7al\u0131\u015f\u0131r m\u0131\" width=\"1024\" height=\"576\">\n        \t\n        \n      <\/a>\n    <\/div>\n  \t\t\n  \n    <div class=\"uc_post_list_content\">\n      <div class=\"uc_post_list_content_inside\">\n        \n                       \n        <div class=\"uc_post_list_title\"><a target=\"_self\" href=\"https:\/\/www.toplum.org.tr\/en\/will-apples-creative-destruction-work-for-us\/\" title=\"Will Apple&#039;s Creative Destruction Work for Us?\">Will Apple's Creative Destruction Work for Us?<\/a><\/div>                 \n        <div class=\"ue-meta-data\">\n            <div class=\"ue-grid-item-meta-data\"><span class=\"ue-grid-item-meta-data-icon\"><i class='fas fa-calendar-week'><\/i><\/span>  20 September 2024<\/div>                                   \n                        <div class=\"ue-grid-item-meta-data\"><span class=\"ue-grid-item-meta-data-icon\"><i class='fas fa-pen-fancy'><\/i><\/span>   Assoc. Prof. Dr. Selcen \u00d6zt\u00fcrk<\/div>            \n            \n                        \n                        \n            \n              \n          <\/div>         \n                \n         <div class=\"uc_post_content\">The process of creative destruction builds new structures while destroying old ones, and this process is well suited to the nature of economic development which requires constant innovation. Let's take...<\/div>           \n        \n                 \n      <\/div>\n    <\/div>\n     \n       \n  \n   <\/div>\n<div class=\"uc_post_list_box\" data-category=\"Economics\">\n  \n  \t    <div class=\"uc_post_list_image\">\n      <a href=\"https:\/\/www.toplum.org.tr\/en\/the-economists-toolkit\/\" target=\"_self\" title=\"The Economist&#039;s Toolkit\">\n          \n            <img loading=\"lazy\" decoding=\"async\" src=\"https:\/\/www.toplum.org.tr\/en\/wp-content\/uploads\/2024\/09\/Iktisatcinin-Alet-Cantasi-1024x576.jpg\"  src=\"https:\/\/www.toplum.org.tr\/en\/wp-content\/uploads\/2024\/09\/Iktisatcinin-Alet-Cantasi-1024x576.jpg\" alt=\"\u0130ktisat\u00e7\u0131n\u0131n Alet \u00c7antas\u0131\" width=\"1024\" height=\"576\">\n        \t\n        \n      <\/a>\n    <\/div>\n  \t\t\n  \n    <div class=\"uc_post_list_content\">\n      <div class=\"uc_post_list_content_inside\">\n        \n                       \n        <div class=\"uc_post_list_title\"><a target=\"_self\" href=\"https:\/\/www.toplum.org.tr\/en\/the-economists-toolkit\/\" title=\"The Economist&#039;s Toolkit\">The Economist's Toolkit<\/a><\/div>                 \n        <div class=\"ue-meta-data\">\n            <div class=\"ue-grid-item-meta-data\"><span class=\"ue-grid-item-meta-data-icon\"><i class='fas fa-calendar-week'><\/i><\/span>  18 September 2024<\/div>                                   \n                        <div class=\"ue-grid-item-meta-data\"><span class=\"ue-grid-item-meta-data-icon\"><i class='fas fa-pen-fancy'><\/i><\/span>   Ahmet O\u011fuz Atalay<\/div>            \n            \n                        \n                        \n            \n              \n          <\/div>         \n                \n         <div class=\"uc_post_content\">The phrase \"economics is the queen of social sciences\", attributed to the famous economist Samuelson, although it is perceived as an emphasis on the importance of economics in social sciences, is actually...<\/div>           \n        \n                 \n      <\/div>\n    <\/div>\n     \n       \n  \n   <\/div>\n<div class=\"uc_post_list_box\" data-category=\"Economics\">\n  \n  \t    <div class=\"uc_post_list_image\">\n      <a href=\"https:\/\/www.toplum.org.tr\/en\/womens-participation-in-labour-force-in-turkiye-an-assessment-of-the-current-situation\/\" target=\"_self\" title=\"Women&#039;s Participation in Labour Force in T\u00fcrkiye: An Assessment of the Current Situation\">\n          \n            <img loading=\"lazy\" decoding=\"async\" src=\"https:\/\/www.toplum.org.tr\/en\/wp-content\/uploads\/2024\/09\/Turkiyede-Kadinlarin-Isgucune-Katilimi-1024x576.jpg\"  src=\"https:\/\/www.toplum.org.tr\/en\/wp-content\/uploads\/2024\/09\/Turkiyede-Kadinlarin-Isgucune-Katilimi-1024x576.jpg\" alt=\"T\u00fcrkiye\u2019de Kad\u0131nlar\u0131n \u0130\u015fg\u00fcc\u00fcne Kat\u0131l\u0131m\u0131\" width=\"1024\" height=\"576\">\n        \t\n        \n      <\/a>\n    <\/div>\n  \t\t\n  \n    <div class=\"uc_post_list_content\">\n      <div class=\"uc_post_list_content_inside\">\n        \n                       \n        <div class=\"uc_post_list_title\"><a target=\"_self\" href=\"https:\/\/www.toplum.org.tr\/en\/womens-participation-in-labour-force-in-turkiye-an-assessment-of-the-current-situation\/\" title=\"Women&#039;s Participation in Labour Force in T\u00fcrkiye: An Assessment of the Current Situation\">Women's Participation in Labour Force in T\u00fcrkiye: An Assessment of the Current Situation<\/a><\/div>                 \n        <div class=\"ue-meta-data\">\n            <div class=\"ue-grid-item-meta-data\"><span class=\"ue-grid-item-meta-data-icon\"><i class='fas fa-calendar-week'><\/i><\/span>  9 September 2024<\/div>                                   \n                        <div class=\"ue-grid-item-meta-data\"><span class=\"ue-grid-item-meta-data-icon\"><i class='fas fa-pen-fancy'><\/i><\/span>   Prof. Dr. Dilek Ba\u015far<\/div>            \n            \n                        \n                        \n            \n              \n          <\/div>         \n                \n         <div class=\"uc_post_content\">The labour force participation rate is the ratio of the employed and unemployed individuals in an economy to the working-age population.<\/div>           \n        \n                 \n      <\/div>\n    <\/div>\n     \n       \n  \n   <\/div>\n\n<\/div>\n\n\n  <div id=\"uc_post_list_elementor_4d82cc6_empty_message\" class=\"ue-no-posts-found\"  style=\"display:none\" >No posts found<\/div>\n\n\n<!-- end Post List -->\t\t\t\t<\/div>\n\t\t\t\t<\/div>\n\t\t\t\t<div class=\"elementor-element elementor-element-1f621d9 elementor-widget elementor-widget-ucaddon_archive_pagination\" data-id=\"1f621d9\" data-element_type=\"widget\" data-e-type=\"widget\" data-widget_type=\"ucaddon_archive_pagination.default\">\n\t\t\t\t<div class=\"elementor-widget-container\">\n\t\t\t\t\t\n<!-- start Post Pagination -->\n\n<style>\/* widget: Post Pagination *\/\n\n#uc_archive_pagination_elementor_1f621d9 nav\n{\n  padding:0px;\n  margin:0px;\n}\n\n#uc_archive_pagination_elementor_1f621d9 \n{\n  display:flex;\n  flex-wrap: wrap;\n  justify-content:center;\n}\n\n#uc_archive_pagination_elementor_1f621d9 .nav-links\n{\n  display:flex;\n  justify-content:center;\n}\n\n#uc_archive_pagination_elementor_1f621d9 .nav-links > *\n{\n}\n\n#uc_archive_pagination_elementor_1f621d9 .page-numbers\n{\n  display:flex;\n  \n  align-items:center;\n  justify-content:center;\n  transition:0.3s;\n  line-height:1em;\n}\n\n\n#uc_archive_pagination_elementor_1f621d9 a.page-numbers, #uc_archive_pagination_elementor_1f621d9 .dots\n{\n  color:#1C355E;\n  background-color:;\n}\n\n#uc_archive_pagination_elementor_1f621d9 a.page-numbers:hover\n{\n  color:#2B5797;\n  background-color:#eeeeee;\n}\n\n#uc_archive_pagination_elementor_1f621d9 .page-numbers.current,\n#uc_archive_pagination_elementor_1f621d9 .page-numbers.current:hover\n{\n  background-color:#1C355E;\n  color:#ffffff;\n}\n\n\n#uc_archive_pagination_elementor_1f621d9 .page-numbers.prev, #uc_archive_pagination_elementor_1f621d9 .page-numbers.next\n{\n  padding-left:15px;\n  padding-right:15px;\n}\n\n\n\n#uc_archive_pagination_elementor_1f621d9 .prev:before {\n   font-family: \"Font Awesome 5 Free\";\n   content: \"\\f053\";\n   display: inline-block;\n   vertical-align: middle;\n   font-weight: 900;\n   padding-right:10px;}\n\n#uc_archive_pagination_elementor_1f621d9 .next:after {\n   font-family: \"Font Awesome 5 Free\";\n   content: \"\\f054\";\n   display: inline-block;\n   vertical-align: middle;\n   font-weight: 900;\n   padding-left:10px;}\n\n#uc_archive_pagination_elementor_1f621d9.uc-ajax-loading{\n\topacity:1 !important;\n}\n\n#uc_archive_pagination_elementor_1f621d9.uc-ajax-loading .current{\n\tposition:relative;\n    overflow:hidden;\n}\n\n\n#uc_archive_pagination_elementor_1f621d9.uc-ajax-loading .current:before{\n  content: \"\";\n  display:block;\n  width:100%;\n  height:100%;\n  box-sizing:border-box;\n  position:absolute;\n  top:0px;\n  left:0px;\n  background-color: #c2c2c2;\n  animation: uc-spinning-border 0.5s linear infinite;\n  opacity:50%;\n  border-radius:inherit;\n}\n\n@keyframes uc-spinning-border {\n\t0%{transform: scale(0);}\n\t100%{transform: scale(1); }\t\n}\n\n\n\n<\/style>\n\n<div id=\"uc_archive_pagination_elementor_1f621d9\" class=\"archive_pagination uc-filter-pagination \">\n\n<\/div>\n<!-- end Post Pagination -->\t\t\t\t<\/div>\n\t\t\t\t<\/div>\n\t\t\t\t\t<\/div>\n\t\t<\/div>\n\t\t\t\t\t<\/div>\n\t\t<\/section>\n\t\t\t\t<\/div>\n\t\t","protected":false},"excerpt":{"rendered":"<p>Economics Program The Economics Program aims to comprehensively analyze the structural dynamics of the Turkish economy and the elements that shape these dynamics. The focus of the program studies, which aim to deeply examine the basic factors that guide T\u00fcrkiye&#8217;s economic growth and development process and the challenges encountered in this process, is economic growth [&hellip;]<\/p>\n","protected":false},"author":1,"featured_media":0,"parent":0,"menu_order":0,"comment_status":"closed","ping_status":"closed","template":"","meta":{"_acf_changed":false,"footnotes":""},"class_list":["post-290","page","type-page","status-publish","hentry"],"acf":[],"aioseo_notices":[],"_links":{"self":[{"href":"https:\/\/www.toplum.org.tr\/en\/wp-json\/wp\/v2\/pages\/290","targetHints":{"allow":["GET"]}}],"collection":[{"href":"https:\/\/www.toplum.org.tr\/en\/wp-json\/wp\/v2\/pages"}],"about":[{"href":"https:\/\/www.toplum.org.tr\/en\/wp-json\/wp\/v2\/types\/page"}],"author":[{"embeddable":true,"href":"https:\/\/www.toplum.org.tr\/en\/wp-json\/wp\/v2\/users\/1"}],"replies":[{"embeddable":true,"href":"https:\/\/www.toplum.org.tr\/en\/wp-json\/wp\/v2\/comments?post=290"}],"version-history":[{"count":0,"href":"https:\/\/www.toplum.org.tr\/en\/wp-json\/wp\/v2\/pages\/290\/revisions"}],"wp:attachment":[{"href":"https:\/\/www.toplum.org.tr\/en\/wp-json\/wp\/v2\/media?parent=290"}],"curies":[{"name":"wp","href":"https:\/\/api.w.org\/{rel}","templated":true}]}}